{"id":8,"date":"2019-05-31T10:50:20","date_gmt":"2019-05-31T03:50:20","guid":{"rendered":"http:\/\/kho2.khomaudeprt.com\/bds\/?page_id=8"},"modified":"2021-08-19T15:27:24","modified_gmt":"2021-08-19T08:27:24","slug":"lien-he","status":"publish","type":"page","link":"http:\/\/kho2.khomaudeprt.com\/bds\/?page_id=8","title":{"rendered":"Li\u00ean h\u1ec7"},"content":{"rendered":"<div class=\"row\"  id=\"row-1815365105\">\n\n\t<div id=\"col-1592693031\" class=\"col medium-6 small-12 large-6\"  >\n\t\t\t\t<div class=\"col-inner\"  >\n\t\t\t\n\t\t\t\n<h4>JTW Solutions\u00a0<\/h4>\n<p>T\u1ef1 h\u00e0o l\u00e0 m\u1ed9t trong nh\u1eefng nh\u00e2n vi\u00ean t\u01b0 v\u1ea5n B\u1ea5t \u0111\u1ed9ng s\u1ea3n xu\u1ea5t x\u1eafc nh\u1ea5t n\u0103m 2018 v\u1edbi h\u01a1n 100 d\u1ef1 \u00e1n , t\u00f4i t\u1ef1 tin gi\u00fap b\u1ea1n v\u1edbi m\u1ecdi nhu c\u1ea7u v\u1ec1 b\u1ea5t \u0111\u1ed9ng s\u1ea3n<\/p>\n<h4>Th\u00f4ng tin li\u00ean h\u1ec7<\/h4>\n<ul>\n<li>Hotline: (+44) 07376 470 811<\/li>\n<li>Email: jtwsolutions.uk@gmail.com<\/li>\n<li>\u0110\u1ecba ch\u1ec9: 42-46 Princelet Street E1 5LP LonDon<\/li>\n<\/ul>\n\t\t<\/div>\n\t\t\t\t\t<\/div>\n\n\t\n\n\t<div id=\"col-176250883\" class=\"col medium-6 small-12 large-6\"  >\n\t\t\t\t<div class=\"col-inner\"  >\n\t\t\t\n\t\t\t\n<h4>Li\u00ean h\u1ec7 t\u01b0 v\u1ea5n<\/h4>\n<p>M\u1eddi b\u1ea1n ho\u00e0n th\u00e0nh bi\u1ec3u m\u1eabu sau v\u00e0 g\u1eedi t\u1edbi ch\u00fang t\u00f4i \u0111\u1ec3 \u0111\u01b0\u1ee3c h\u1ed7 tr\u1ee3 t\u01b0 v\u1ea5n nhanh nh\u1ea5t<\/p>\n\n<div class=\"wpcf7 no-js\" id=\"wpcf7-f434-o1\" lang=\"vi\" dir=\"ltr\">\n<div class=\"screen-reader-response\"><p role=\"status\" aria-live=\"polite\" aria-atomic=\"true\"><\/p> <ul><\/ul><\/div>\n<form action=\"\/bds\/index.php?rest_route=%2Fwp%2Fv2%2Fpages%2F8#wpcf7-f434-o1\" method=\"post\" class=\"wpcf7-form init\" aria-label=\"Contact form\" novalidate=\"novalidate\" data-status=\"init\">\n<div style=\"display: none;\">\n<input type=\"hidden\" name=\"_wpcf7\" value=\"434\" \/>\n<input type=\"hidden\" name=\"_wpcf7_version\" value=\"5.7.3\" \/>\n<input type=\"hidden\" name=\"_wpcf7_locale\" value=\"vi\" \/>\n<input type=\"hidden\" name=\"_wpcf7_unit_tag\" value=\"wpcf7-f434-o1\" \/>\n<input type=\"hidden\" name=\"_wpcf7_container_post\" value=\"0\" \/>\n<input type=\"hidden\" name=\"_wpcf7_posted_data_hash\" value=\"\" \/>\n<\/div>\n<p><span class=\"wpcf7-form-control-wrap\" data-name=\"text-494\"><input size=\"40\" class=\"wpcf7-form-control wpcf7-text wpcf7-validates-as-required\" aria-required=\"true\" aria-invalid=\"false\" placeholder=\"H\u1ecd v\u00e0 t\u00ean...\" value=\"\" type=\"text\" name=\"text-494\" \/><\/span><br \/>\n<span class=\"wpcf7-form-control-wrap\" data-name=\"text-49445\"><input size=\"40\" class=\"wpcf7-form-control wpcf7-text\" aria-invalid=\"false\" placeholder=\"\u0110\u1ecba ch\u1ec9...\" value=\"\" type=\"text\" name=\"text-49445\" \/><\/span><br \/>\n<span class=\"wpcf7-form-control-wrap\" data-name=\"tel-432\"><input size=\"40\" class=\"wpcf7-form-control wpcf7-text wpcf7-tel wpcf7-validates-as-required wpcf7-validates-as-tel\" aria-required=\"true\" aria-invalid=\"false\" placeholder=\"S\u1ed1 \u0111i\u1ec7n tho\u1ea1i...\" value=\"\" type=\"tel\" name=\"tel-432\" \/><\/span><br \/>\n<span class=\"wpcf7-form-control-wrap\" data-name=\"text-4944\"><input size=\"40\" class=\"wpcf7-form-control wpcf7-text\" aria-invalid=\"false\" placeholder=\"D\u1ef1 \u00e1n quan t\u00e2m...\" value=\"\" type=\"text\" name=\"text-4944\" \/><\/span><br \/>\n<input class=\"wpcf7-form-control has-spinner wpcf7-submit\" type=\"submit\" value=\"\u0110\u0103ng k\u00fd t\u01b0 v\u1ea5n\" \/>\n<\/p><div class=\"wpcf7-response-output\" aria-hidden=\"true\"><\/div>\n<\/form>\n<\/div>\n\n<div class=\"social-icons follow-icons full-width text-left\" ><a href=\"#\" target=\"_blank\" data-label=\"Facebook\" rel=\"noopener noreferrer nofollow\" class=\"icon primary button circle facebook tooltip\" title=\"Follow on Facebook\" aria-label=\"Follow on Facebook\"><i class=\"icon-facebook\" ><\/i><\/a><a href=\"mailto:info@lamvanphuoc.com\" data-label=\"E-mail\" rel=\"nofollow\" class=\"icon primary button circle  email tooltip\" title=\"Send us an email\" aria-label=\"Send us an email\"><i class=\"icon-envelop\" ><\/i><\/a><a href=\"tel:0911785558\" target=\"_blank\" data-label=\"Phone\" rel=\"noopener noreferrer nofollow\" class=\"icon primary button circle  phone tooltip\" title=\"Call us\" aria-label=\"Call us\"><i class=\"icon-phone\" ><\/i><\/a><a href=\"#\" target=\"_blank\" rel=\"noopener noreferrer nofollow\" data-label=\"YouTube\" class=\"icon primary button circle  youtube tooltip\" title=\"Follow on YouTube\" aria-label=\"Follow on YouTube\"><i class=\"icon-youtube\" ><\/i><\/a><\/div>\n\t\t<\/div>\n\t\t\t\t\t<\/div>\n\n\t\n<\/div>\n","protected":false},"excerpt":{"rendered":"","protected":false},"author":2,"featured_media":0,"parent":0,"menu_order":0,"comment_status":"closed","ping_status":"closed","template":"page-blank-title-center.php","meta":[],"acf":[],"yoast_head":"<!-- This site is optimized with the Yoast SEO plugin v20.1 - https:\/\/yoast.com\/wordpress\/plugins\/seo\/ -->\n<title>Li\u00ean h\u1ec7 - Web B\u0110S RT<\/title>\n<meta name=\"robots\" content=\"index, follow, max-snippet:-1, max-image-preview:large, max-video-preview:-1\" \/>\n<link rel=\"canonical\" href=\"https:\/\/kho2.khomaudeprt.com\/bds\/?page_id=8\" \/>\n<meta property=\"og:locale\" content=\"vi_VN\" \/>\n<meta property=\"og:type\" content=\"article\" \/>\n<meta property=\"og:title\" content=\"Li\u00ean h\u1ec7 - Web B\u0110S RT\" \/>\n<meta property=\"og:url\" content=\"https:\/\/kho2.khomaudeprt.com\/bds\/?page_id=8\" \/>\n<meta property=\"og:site_name\" content=\"Web B\u0110S RT\" \/>\n<meta property=\"article:modified_time\" content=\"2021-08-19T08:27:24+00:00\" \/>\n<meta name=\"twitter:card\" content=\"summary_large_image\" \/>\n<meta name=\"twitter:label1\" content=\"\u01af\u1edbc t\u00ednh th\u1eddi gian \u0111\u1ecdc\" \/>\n\t<meta name=\"twitter:data1\" content=\"1 ph\u00fat\" \/>\n<script type=\"application\/ld+json\" class=\"yoast-schema-graph\">{\"@context\":\"https:\/\/schema.org\",\"@graph\":[{\"@type\":\"WebPage\",\"@id\":\"https:\/\/kho2.khomaudeprt.com\/bds\/?page_id=8\",\"url\":\"https:\/\/kho2.khomaudeprt.com\/bds\/?page_id=8\",\"name\":\"Li\u00ean h\u1ec7 - Web B\u0110S RT\",\"isPartOf\":{\"@id\":\"https:\/\/kho2.khomaudeprt.com\/bds\/#website\"},\"datePublished\":\"2019-05-31T03:50:20+00:00\",\"dateModified\":\"2021-08-19T08:27:24+00:00\",\"breadcrumb\":{\"@id\":\"https:\/\/kho2.khomaudeprt.com\/bds\/?page_id=8#breadcrumb\"},\"inLanguage\":\"vi\",\"potentialAction\":[{\"@type\":\"ReadAction\",\"target\":[\"https:\/\/kho2.khomaudeprt.com\/bds\/?page_id=8\"]}]},{\"@type\":\"BreadcrumbList\",\"@id\":\"https:\/\/kho2.khomaudeprt.com\/bds\/?page_id=8#breadcrumb\",\"itemListElement\":[{\"@type\":\"ListItem\",\"position\":1,\"name\":\"Trang ch\u1ee7\",\"item\":\"https:\/\/kho2.khomaudeprt.com\/bds\/\"},{\"@type\":\"ListItem\",\"position\":2,\"name\":\"Li\u00ean h\u1ec7\"}]},{\"@type\":\"WebSite\",\"@id\":\"https:\/\/kho2.khomaudeprt.com\/bds\/#website\",\"url\":\"https:\/\/kho2.khomaudeprt.com\/bds\/\",\"name\":\"Web B\u0110S RT\",\"description\":\"\",\"potentialAction\":[{\"@type\":\"SearchAction\",\"target\":{\"@type\":\"EntryPoint\",\"urlTemplate\":\"https:\/\/kho2.khomaudeprt.com\/bds\/?s={search_term_string}\"},\"query-input\":\"required name=search_term_string\"}],\"inLanguage\":\"vi\"}]}<\/script>\n<!-- \/ Yoast SEO plugin. -->","yoast_head_json":{"title":"Li\u00ean h\u1ec7 - Web B\u0110S RT","robots":{"index":"index","follow":"follow","max-snippet":"max-snippet:-1","max-image-preview":"max-image-preview:large","max-video-preview":"max-video-preview:-1"},"canonical":"https:\/\/kho2.khomaudeprt.com\/bds\/?page_id=8","og_locale":"vi_VN","og_type":"article","og_title":"Li\u00ean h\u1ec7 - Web B\u0110S RT","og_url":"https:\/\/kho2.khomaudeprt.com\/bds\/?page_id=8","og_site_name":"Web B\u0110S RT","article_modified_time":"2021-08-19T08:27:24+00:00","twitter_card":"summary_large_image","twitter_misc":{"\u01af\u1edbc t\u00ednh th\u1eddi gian \u0111\u1ecdc":"1 ph\u00fat"},"schema":{"@context":"https:\/\/schema.org","@graph":[{"@type":"WebPage","@id":"https:\/\/kho2.khomaudeprt.com\/bds\/?page_id=8","url":"https:\/\/kho2.khomaudeprt.com\/bds\/?page_id=8","name":"Li\u00ean h\u1ec7 - Web B\u0110S RT","isPartOf":{"@id":"https:\/\/kho2.khomaudeprt.com\/bds\/#website"},"datePublished":"2019-05-31T03:50:20+00:00","dateModified":"2021-08-19T08:27:24+00:00","breadcrumb":{"@id":"https:\/\/kho2.khomaudeprt.com\/bds\/?page_id=8#breadcrumb"},"inLanguage":"vi","potentialAction":[{"@type":"ReadAction","target":["https:\/\/kho2.khomaudeprt.com\/bds\/?page_id=8"]}]},{"@type":"BreadcrumbList","@id":"https:\/\/kho2.khomaudeprt.com\/bds\/?page_id=8#breadcrumb","itemListElement":[{"@type":"ListItem","position":1,"name":"Trang ch\u1ee7","item":"https:\/\/kho2.khomaudeprt.com\/bds\/"},{"@type":"ListItem","position":2,"name":"Li\u00ean h\u1ec7"}]},{"@type":"WebSite","@id":"https:\/\/kho2.khomaudeprt.com\/bds\/#website","url":"https:\/\/kho2.khomaudeprt.com\/bds\/","name":"Web B\u0110S RT","description":"","potentialAction":[{"@type":"SearchAction","target":{"@type":"EntryPoint","urlTemplate":"https:\/\/kho2.khomaudeprt.com\/bds\/?s={search_term_string}"},"query-input":"required name=search_term_string"}],"inLanguage":"vi"}]}},"_links":{"self":[{"href":"http:\/\/kho2.khomaudeprt.com\/bds\/index.php?rest_route=\/wp\/v2\/pages\/8"}],"collection":[{"href":"http:\/\/kho2.khomaudeprt.com\/bds\/index.php?rest_route=\/wp\/v2\/pages"}],"about":[{"href":"http:\/\/kho2.khomaudeprt.com\/bds\/index.php?rest_route=\/wp\/v2\/types\/page"}],"author":[{"embeddable":true,"href":"http:\/\/kho2.khomaudeprt.com\/bds\/index.php?rest_route=\/wp\/v2\/users\/2"}],"replies":[{"embeddable":true,"href":"http:\/\/kho2.khomaudeprt.com\/bds\/index.php?rest_route=%2Fwp%2Fv2%2Fcomments&post=8"}],"version-history":[{"count":2,"href":"http:\/\/kho2.khomaudeprt.com\/bds\/index.php?rest_route=\/wp\/v2\/pages\/8\/revisions"}],"predecessor-version":[{"id":932,"href":"http:\/\/kho2.khomaudeprt.com\/bds\/index.php?rest_route=\/wp\/v2\/pages\/8\/revisions\/932"}],"wp:attachment":[{"href":"http:\/\/kho2.khomaudeprt.com\/bds\/index.php?rest_route=%2Fwp%2Fv2%2Fmedia&parent=8"}],"curies":[{"name":"wp","href":"https:\/\/api.w.org\/{rel}","templated":true}]}}