{"id":6,"date":"2019-05-31T10:49:46","date_gmt":"2019-05-31T03:49:46","guid":{"rendered":"http:\/\/kho2.khomaudeprt.com\/bds\/?page_id=6"},"modified":"2021-08-19T15:23:30","modified_gmt":"2021-08-19T08:23:30","slug":"gioi-thieu","status":"publish","type":"page","link":"http:\/\/kho2.khomaudeprt.com\/bds\/?page_id=6","title":{"rendered":"Gi\u1edbi thi\u1ec7u"},"content":{"rendered":"<p>JTW Solutions l\u00e0 c\u00f4ng ty cung c\u1ea5p gi\u1ea3i ph\u00e1p trong l\u0129nh v\u1ef1c \u201c\u0110\u1ea7u T\u01b0 B\u1ea5t \u0110\u1ed9ng S\u1ea3n- Du H\u1ecdc \u2013 \u0110\u1ecbnh C\u01b0,..\u201d. Trong th\u1eddi \u0111\u1ea1i k\u1ef7 nguy\u00ean s\u1ed1, khi m\u00e0 nhi\u1ec1u th\u00f4ng tin tr\u00e1i chi\u1ec1u, kh\u00f4ng ch\u00ednh x\u00e1c tr\u00e0n lan tr\u00ean m\u1ea1ng x\u00e3 h\u1ed9i, JTW Solutions \u0111\u01b0\u1ee3c t\u1ea1o ra \u0111\u1ec3 gi\u00fap kh\u00e1ch h\u00e0ng ti\u1ebfp c\u1eadn t\u1edbi nh\u1eefng ngu\u1ed3n th\u00f4ng tin ch\u00ednh th\u1ed1ng v\u00e0 tin c\u1eady \u0111\u1ed3ng th\u1eddi \u0111\u01b0a ra c\u00e1c gi\u1ea3i ph\u00e1p gi\u00fap qu\u00fd kh\u00e1ch h\u00e0ng h\u1ea1n ch\u1ebf r\u1ee7i ro, ti\u1ebft ki\u1ec7m th\u1eddi gian v\u00e0 mang l\u1ea1i gi\u00e1 tr\u1ecb kinh t\u1ebf l\u00e2u d\u00e0i.<\/p>\n<p>Ch\u00fang t\u00f4i mong mu\u1ed1n, th\u00f4ng qua JTW Solutions, qu\u00fd kh\u00e1ch h\u00e0ng v\u00e0 c\u00e1c nh\u00e0 \u0111\u1ea7u t\u01b0 c\u00f3 th\u1ec3 v\u01b0\u01a1n d\u00e0i c\u00e1nh tay s\u1edf h\u1eefu nh\u1eefng b\u1ea5t \u0111\u1ed9ng s\u1ea3n ti\u1ec1m n\u0103ng, c\u0169ng nh\u01b0 ch\u1eafp c\u00e1nh cho \u01b0\u1edbc m\u01a1 h\u1ecdc t\u1eadp, \u0111\u1ecbnh c\u01b0 v\u00e0 l\u00e0m vi\u1ec7c t\u1ea1i V\u01b0\u01a1ng Qu\u1ed1c Anh tr\u1edf n\u00ean hi\u1ec7n h\u1eefu v\u1edbi l\u1ed9 tr\u00ecnh \u0111\u01b0\u1ee3c \u0111o ni \u2013 \u0111\u00f3ng gi\u00e0y cho t\u1eebng c\u00e1 nh\u00e2n v\u00e0 t\u1ed5 ch\u1ee9c.<\/p>\n","protected":false},"excerpt":{"rendered":"<p>JTW Solutions l\u00e0 c\u00f4ng ty cung c\u1ea5p gi\u1ea3i ph\u00e1p trong l\u0129nh v\u1ef1c \u201c\u0110\u1ea7u T\u01b0 B\u1ea5t \u0110\u1ed9ng S\u1ea3n- Du H\u1ecdc \u2013 \u0110\u1ecbnh C\u01b0,..\u201d. Trong th\u1eddi \u0111\u1ea1i k\u1ef7 nguy\u00ean s\u1ed1, khi m\u00e0 nhi\u1ec1u th\u00f4ng tin tr\u00e1i chi\u1ec1u, kh\u00f4ng ch\u00ednh x\u00e1c tr\u00e0n lan tr\u00ean m\u1ea1ng x\u00e3 h\u1ed9i, JTW Solutions \u0111\u01b0\u1ee3c t\u1ea1o ra \u0111\u1ec3 gi\u00fap kh\u00e1ch h\u00e0ng ti\u1ebfp c\u1eadn &#8230;<\/p>\n","protected":false},"author":2,"featured_media":0,"parent":0,"menu_order":0,"comment_status":"closed","ping_status":"closed","template":"page-blank-title-center.php","meta":[],"acf":[],"yoast_head":"<!-- This site is optimized with the Yoast SEO plugin v20.1 - https:\/\/yoast.com\/wordpress\/plugins\/seo\/ -->\n<title>Gi\u1edbi thi\u1ec7u - Web B\u0110S RT<\/title>\n<meta name=\"robots\" content=\"index, follow, max-snippet:-1, max-image-preview:large, max-video-preview:-1\" \/>\n<link rel=\"canonical\" href=\"http:\/\/kho2.khomaudeprt.com\/bds\/?page_id=6\" \/>\n<meta property=\"og:locale\" content=\"vi_VN\" \/>\n<meta property=\"og:type\" content=\"article\" \/>\n<meta property=\"og:title\" content=\"Gi\u1edbi thi\u1ec7u - Web B\u0110S RT\" \/>\n<meta property=\"og:description\" content=\"JTW Solutions l\u00e0 c\u00f4ng ty cung c\u1ea5p gi\u1ea3i ph\u00e1p trong l\u0129nh v\u1ef1c \u201c\u0110\u1ea7u T\u01b0 B\u1ea5t \u0110\u1ed9ng S\u1ea3n- Du H\u1ecdc \u2013 \u0110\u1ecbnh C\u01b0,..\u201d. Trong th\u1eddi \u0111\u1ea1i k\u1ef7 nguy\u00ean s\u1ed1, khi m\u00e0 nhi\u1ec1u th\u00f4ng tin tr\u00e1i chi\u1ec1u, kh\u00f4ng ch\u00ednh x\u00e1c tr\u00e0n lan tr\u00ean m\u1ea1ng x\u00e3 h\u1ed9i, JTW Solutions \u0111\u01b0\u1ee3c t\u1ea1o ra \u0111\u1ec3 gi\u00fap kh\u00e1ch h\u00e0ng ti\u1ebfp c\u1eadn ...\" \/>\n<meta property=\"og:url\" content=\"http:\/\/kho2.khomaudeprt.com\/bds\/?page_id=6\" \/>\n<meta property=\"og:site_name\" content=\"Web B\u0110S RT\" \/>\n<meta property=\"article:modified_time\" content=\"2021-08-19T08:23:30+00:00\" \/>\n<meta name=\"twitter:card\" content=\"summary_large_image\" \/>\n<meta name=\"twitter:label1\" content=\"\u01af\u1edbc t\u00ednh th\u1eddi gian \u0111\u1ecdc\" \/>\n\t<meta name=\"twitter:data1\" content=\"1 ph\u00fat\" \/>\n<script type=\"application\/ld+json\" class=\"yoast-schema-graph\">{\"@context\":\"https:\/\/schema.org\",\"@graph\":[{\"@type\":\"WebPage\",\"@id\":\"http:\/\/kho2.khomaudeprt.com\/bds\/?page_id=6\",\"url\":\"http:\/\/kho2.khomaudeprt.com\/bds\/?page_id=6\",\"name\":\"Gi\u1edbi thi\u1ec7u - Web B\u0110S RT\",\"isPartOf\":{\"@id\":\"https:\/\/kho2.khomaudeprt.com\/bds\/#website\"},\"datePublished\":\"2019-05-31T03:49:46+00:00\",\"dateModified\":\"2021-08-19T08:23:30+00:00\",\"breadcrumb\":{\"@id\":\"http:\/\/kho2.khomaudeprt.com\/bds\/?page_id=6#breadcrumb\"},\"inLanguage\":\"vi\",\"potentialAction\":[{\"@type\":\"ReadAction\",\"target\":[\"http:\/\/kho2.khomaudeprt.com\/bds\/?page_id=6\"]}]},{\"@type\":\"BreadcrumbList\",\"@id\":\"http:\/\/kho2.khomaudeprt.com\/bds\/?page_id=6#breadcrumb\",\"itemListElement\":[{\"@type\":\"ListItem\",\"position\":1,\"name\":\"Trang ch\u1ee7\",\"item\":\"https:\/\/kho2.khomaudeprt.com\/bds\/\"},{\"@type\":\"ListItem\",\"position\":2,\"name\":\"Gi\u1edbi thi\u1ec7u\"}]},{\"@type\":\"WebSite\",\"@id\":\"https:\/\/kho2.khomaudeprt.com\/bds\/#website\",\"url\":\"https:\/\/kho2.khomaudeprt.com\/bds\/\",\"name\":\"Web B\u0110S RT\",\"description\":\"\",\"potentialAction\":[{\"@type\":\"SearchAction\",\"target\":{\"@type\":\"EntryPoint\",\"urlTemplate\":\"https:\/\/kho2.khomaudeprt.com\/bds\/?s={search_term_string}\"},\"query-input\":\"required name=search_term_string\"}],\"inLanguage\":\"vi\"}]}<\/script>\n<!-- \/ Yoast SEO plugin. -->","yoast_head_json":{"title":"Gi\u1edbi thi\u1ec7u - Web B\u0110S RT","robots":{"index":"index","follow":"follow","max-snippet":"max-snippet:-1","max-image-preview":"max-image-preview:large","max-video-preview":"max-video-preview:-1"},"canonical":"http:\/\/kho2.khomaudeprt.com\/bds\/?page_id=6","og_locale":"vi_VN","og_type":"article","og_title":"Gi\u1edbi thi\u1ec7u - Web B\u0110S RT","og_description":"JTW Solutions l\u00e0 c\u00f4ng ty cung c\u1ea5p gi\u1ea3i ph\u00e1p trong l\u0129nh v\u1ef1c \u201c\u0110\u1ea7u T\u01b0 B\u1ea5t \u0110\u1ed9ng S\u1ea3n- Du H\u1ecdc \u2013 \u0110\u1ecbnh C\u01b0,..\u201d. Trong th\u1eddi \u0111\u1ea1i k\u1ef7 nguy\u00ean s\u1ed1, khi m\u00e0 nhi\u1ec1u th\u00f4ng tin tr\u00e1i chi\u1ec1u, kh\u00f4ng ch\u00ednh x\u00e1c tr\u00e0n lan tr\u00ean m\u1ea1ng x\u00e3 h\u1ed9i, JTW Solutions \u0111\u01b0\u1ee3c t\u1ea1o ra \u0111\u1ec3 gi\u00fap kh\u00e1ch h\u00e0ng ti\u1ebfp c\u1eadn ...","og_url":"http:\/\/kho2.khomaudeprt.com\/bds\/?page_id=6","og_site_name":"Web B\u0110S RT","article_modified_time":"2021-08-19T08:23:30+00:00","twitter_card":"summary_large_image","twitter_misc":{"\u01af\u1edbc t\u00ednh th\u1eddi gian \u0111\u1ecdc":"1 ph\u00fat"},"schema":{"@context":"https:\/\/schema.org","@graph":[{"@type":"WebPage","@id":"http:\/\/kho2.khomaudeprt.com\/bds\/?page_id=6","url":"http:\/\/kho2.khomaudeprt.com\/bds\/?page_id=6","name":"Gi\u1edbi thi\u1ec7u - Web B\u0110S RT","isPartOf":{"@id":"https:\/\/kho2.khomaudeprt.com\/bds\/#website"},"datePublished":"2019-05-31T03:49:46+00:00","dateModified":"2021-08-19T08:23:30+00:00","breadcrumb":{"@id":"http:\/\/kho2.khomaudeprt.com\/bds\/?page_id=6#breadcrumb"},"inLanguage":"vi","potentialAction":[{"@type":"ReadAction","target":["http:\/\/kho2.khomaudeprt.com\/bds\/?page_id=6"]}]},{"@type":"BreadcrumbList","@id":"http:\/\/kho2.khomaudeprt.com\/bds\/?page_id=6#breadcrumb","itemListElement":[{"@type":"ListItem","position":1,"name":"Trang ch\u1ee7","item":"https:\/\/kho2.khomaudeprt.com\/bds\/"},{"@type":"ListItem","position":2,"name":"Gi\u1edbi thi\u1ec7u"}]},{"@type":"WebSite","@id":"https:\/\/kho2.khomaudeprt.com\/bds\/#website","url":"https:\/\/kho2.khomaudeprt.com\/bds\/","name":"Web B\u0110S RT","description":"","potentialAction":[{"@type":"SearchAction","target":{"@type":"EntryPoint","urlTemplate":"https:\/\/kho2.khomaudeprt.com\/bds\/?s={search_term_string}"},"query-input":"required name=search_term_string"}],"inLanguage":"vi"}]}},"_links":{"self":[{"href":"http:\/\/kho2.khomaudeprt.com\/bds\/index.php?rest_route=\/wp\/v2\/pages\/6"}],"collection":[{"href":"http:\/\/kho2.khomaudeprt.com\/bds\/index.php?rest_route=\/wp\/v2\/pages"}],"about":[{"href":"http:\/\/kho2.khomaudeprt.com\/bds\/index.php?rest_route=\/wp\/v2\/types\/page"}],"author":[{"embeddable":true,"href":"http:\/\/kho2.khomaudeprt.com\/bds\/index.php?rest_route=\/wp\/v2\/users\/2"}],"replies":[{"embeddable":true,"href":"http:\/\/kho2.khomaudeprt.com\/bds\/index.php?rest_route=%2Fwp%2Fv2%2Fcomments&post=6"}],"version-history":[{"count":1,"href":"http:\/\/kho2.khomaudeprt.com\/bds\/index.php?rest_route=\/wp\/v2\/pages\/6\/revisions"}],"predecessor-version":[{"id":931,"href":"http:\/\/kho2.khomaudeprt.com\/bds\/index.php?rest_route=\/wp\/v2\/pages\/6\/revisions\/931"}],"wp:attachment":[{"href":"http:\/\/kho2.khomaudeprt.com\/bds\/index.php?rest_route=%2Fwp%2Fv2%2Fmedia&parent=6"}],"curies":[{"name":"wp","href":"https:\/\/api.w.org\/{rel}","templated":true}]}}